{"id":482,"date":"2022-08-21T20:03:02","date_gmt":"2022-08-21T20:03:02","guid":{"rendered":"https:\/\/wafcom.com\/?page_id=482"},"modified":"2022-11-11T13:14:21","modified_gmt":"2022-11-11T13:14:21","slug":"gestion-audit","status":"publish","type":"page","link":"https:\/\/wafcom.com\/?page_id=482","title":{"rendered":"GESTION &#038; AUDIT"},"content":{"rendered":"\t\t<div data-elementor-type=\"wp-page\" data-elementor-id=\"482\" class=\"elementor elementor-482\">\n\t\t\t\t\t\t\t\t\t<section class=\"elementor-section elementor-top-section elementor-element elementor-element-74974fa6 elementor-section-height-min-height elementor-section-boxed elementor-section-height-default elementor-section-items-middle\" data-id=\"74974fa6\" data-element_type=\"section\" data-settings=\"{&quot;background_background&quot;:&quot;gradient&quot;,&quot;shape_divider_bottom&quot;:&quot;waves&quot;}\">\n\t\t\t\t\t\t\t<div class=\"elementor-background-overlay\"><\/div>\n\t\t\t\t\t\t<div class=\"elementor-shape elementor-shape-bottom\" data-negative=\"false\">\n\t\t\t<svg xmlns=\"http:\/\/www.w3.org\/2000\/svg\" viewBox=\"0 0 1000 100\" preserveAspectRatio=\"none\">\n\t<path class=\"elementor-shape-fill\" d=\"M421.9,6.5c22.6-2.5,51.5,0.4,75.5,5.3c23.6,4.9,70.9,23.5,100.5,35.7c75.8,32.2,133.7,44.5,192.6,49.7\n\tc23.6,2.1,48.7,3.5,103.4-2.5c54.7-6,106.2-25.6,106.2-25.6V0H0v30.3c0,0,72,32.6,158.4,30.5c39.2-0.7,92.8-6.7,134-22.4\n\tc21.2-8.1,52.2-18.2,79.7-24.2C399.3,7.9,411.6,7.5,421.9,6.5z\"\/>\n<\/svg>\t\t<\/div>\n\t\t\t\t\t<div class=\"elementor-container elementor-column-gap-default\">\n\t\t\t\t\t<div class=\"elementor-column elementor-col-100 elementor-top-column elementor-element elementor-element-509eb02f\" data-id=\"509eb02f\" data-element_type=\"column\">\n\t\t\t<div class=\"elementor-widget-wrap elementor-element-populated\">\n\t\t\t\t\t\t\t\t<div class=\"elementor-element elementor-element-7e51c8d1 elementor-widget elementor-widget-heading\" data-id=\"7e51c8d1\" data-element_type=\"widget\" data-widget_type=\"heading.default\">\n\t\t\t\t<div class=\"elementor-widget-container\">\n\t\t\t<style>\/*! elementor - v3.11.3 - 07-03-2023 *\/\n.elementor-heading-title{padding:0;margin:0;line-height:1}.elementor-widget-heading .elementor-heading-title[class*=elementor-size-]>a{color:inherit;font-size:inherit;line-height:inherit}.elementor-widget-heading .elementor-heading-title.elementor-size-small{font-size:15px}.elementor-widget-heading .elementor-heading-title.elementor-size-medium{font-size:19px}.elementor-widget-heading .elementor-heading-title.elementor-size-large{font-size:29px}.elementor-widget-heading .elementor-heading-title.elementor-size-xl{font-size:39px}.elementor-widget-heading .elementor-heading-title.elementor-size-xxl{font-size:59px}<\/style><h1 class=\"elementor-heading-title elementor-size-default\">SECR\u00c9TARIAT JURIDIQUE\n<\/h1>\t\t<\/div>\n\t\t\t\t<\/div>\n\t\t\t\t<div class=\"elementor-element elementor-element-76dfcf96 elementor-widget__width-initial elementor-fixed elementor-widget elementor-widget-button\" data-id=\"76dfcf96\" data-element_type=\"widget\" data-settings=\"{&quot;_position&quot;:&quot;fixed&quot;}\" data-widget_type=\"button.default\">\n\t\t\t\t<div class=\"elementor-widget-container\">\n\t\t\t\t\t<div class=\"elementor-button-wrapper\">\n\t\t\t<a class=\"elementor-button elementor-size-md\" role=\"button\">\n\t\t\t\t\t\t<span class=\"elementor-button-content-wrapper\">\n\t\t\t\t\t\t\t<span class=\"elementor-button-icon elementor-align-icon-right\">\n\t\t\t\t<i aria-hidden=\"true\" class=\"fas fa-envelope\"><\/i>\t\t\t<\/span>\n\t\t\t\t\t\t<span class=\"elementor-button-text\"><\/span>\n\t\t<\/span>\n\t\t\t\t\t<\/a>\n\t\t<\/div>\n\t\t\t\t<\/div>\n\t\t\t\t<\/div>\n\t\t\t\t\t<\/div>\n\t\t<\/div>\n\t\t\t\t\t\t\t<\/div>\n\t\t<\/section>\n\t\t\t\t<section class=\"elementor-section elementor-top-section elementor-element elementor-element-f1f3382 elementor-section-height-min-height elementor-section-items-stretch elementor-section-content-top elementor-section-boxed elementor-section-height-default\" data-id=\"f1f3382\" data-element_type=\"section\" data-settings=\"{&quot;background_background&quot;:&quot;gradient&quot;}\">\n\t\t\t\t\t\t\t<div class=\"elementor-background-overlay\"><\/div>\n\t\t\t\t\t\t\t<div class=\"elementor-container elementor-column-gap-no\">\n\t\t\t\t\t<div class=\"elementor-column elementor-col-100 elementor-top-column elementor-element elementor-element-157d86cc\" data-id=\"157d86cc\" data-element_type=\"column\">\n\t\t\t<div class=\"elementor-widget-wrap elementor-element-populated\">\n\t\t\t\t\t\t\t\t<div class=\"elementor-element elementor-element-752d9eb elementor-widget elementor-widget-text-editor\" data-id=\"752d9eb\" data-element_type=\"widget\" data-widget_type=\"text-editor.default\">\n\t\t\t\t<div class=\"elementor-widget-container\">\n\t\t\t<style>\/*! elementor - v3.11.3 - 07-03-2023 *\/\n.elementor-widget-text-editor.elementor-drop-cap-view-stacked .elementor-drop-cap{background-color:#818a91;color:#fff}.elementor-widget-text-editor.elementor-drop-cap-view-framed .elementor-drop-cap{color:#818a91;border:3px solid;background-color:transparent}.elementor-widget-text-editor:not(.elementor-drop-cap-view-default) .elementor-drop-cap{margin-top:8px}.elementor-widget-text-editor:not(.elementor-drop-cap-view-default) .elementor-drop-cap-letter{width:1em;height:1em}.elementor-widget-text-editor .elementor-drop-cap{float:left;text-align:center;line-height:1;font-size:50px}.elementor-widget-text-editor .elementor-drop-cap-letter{display:inline-block}<\/style>\t\t\t\t<h3 class=\"h4 color-orange font-weight-bold mb-md-3\">Vos enjeux<\/h3><p class=\"pg-block mb-md-5\">Dans un cadre \u00e9volutif des r\u00e9glementations, de la technologie et de l\u2019\u00e9conomique les entreprises pr\u00e9sentent un besoin dans le domaine juridique ind\u00e9niable ; et ce en se dotant d\u2019un secr\u00e9tariat juridique efficace, professionnel et proactif.<\/p><h3 class=\"h4 color-orange font-weight-bold mb-md-3\">Notre expertise<\/h3><p class=\"pg-block\">Secr\u00e9tariat juridique de la vie sociale :<\/p><ul class=\"pg-block ul-custom pl-0 -orange mb-md-5\"><li>Calendrier des obligations l\u00e9gales et r\u00e9glementaires ;<\/li><li>R\u00e9daction des documents courants \u2013 proc\u00e8s-verbaux, convocations, rapports de gestion \/ du Conseil ;<\/li><li>Tenue des registres l\u00e9gaux ;<\/li><li>R\u00e9alisation de toutes les formalit\u00e9s de publicit\u00e9.<\/li><\/ul><h3 class=\"h4 color-orange font-weight-bold mb-md-3\">D\u00e9marche pour la Soci\u00e9t\u00e9 A Responsabilit\u00e9 Limit\u00e9e<\/h3><h3 class=\"h4 color-orange font-weight-bold mb-md-3\">(SARL)<\/h3>\t\t\t\t\t\t<\/div>\n\t\t\t\t<\/div>\n\t\t\t\t\t<\/div>\n\t\t<\/div>\n\t\t\t\t\t\t\t<\/div>\n\t\t<\/section>\n\t\t\t\t<section class=\"elementor-section elementor-top-section elementor-element elementor-element-3b1fab6e elementor-section-height-min-height elementor-section-items-stretch elementor-section-content-top elementor-section-boxed elementor-section-height-default\" data-id=\"3b1fab6e\" data-element_type=\"section\">\n\t\t\t\t\t\t\t<div class=\"elementor-background-overlay\"><\/div>\n\t\t\t\t\t\t\t<div class=\"elementor-container elementor-column-gap-no\">\n\t\t\t\t\t<div class=\"elementor-column elementor-col-100 elementor-top-column elementor-element elementor-element-1b926e5\" data-id=\"1b926e5\" data-element_type=\"column\">\n\t\t\t<div class=\"elementor-widget-wrap elementor-element-populated\">\n\t\t\t\t\t\t\t\t<div class=\"elementor-element elementor-element-34262947 elementor-widget elementor-widget-heading\" data-id=\"34262947\" data-element_type=\"widget\" data-widget_type=\"heading.default\">\n\t\t\t\t<div class=\"elementor-widget-container\">\n\t\t\t<h3 class=\"elementor-heading-title elementor-size-default\">Notre expertise<\/h3>\t\t<\/div>\n\t\t\t\t<\/div>\n\t\t\t\t<div class=\"elementor-element elementor-element-77ff66f3 elementor-widget elementor-widget-text-editor\" data-id=\"77ff66f3\" data-element_type=\"widget\" data-widget_type=\"text-editor.default\">\n\t\t\t\t<div class=\"elementor-widget-container\">\n\t\t\t\t\t\t\t<h3 class=\"h4 color-orange font-weight-bold mb-md-3\">D\u00e9marche pour la Soci\u00e9t\u00e9 A Responsabilit\u00e9 Limit\u00e9e (SARL)<\/h3><p><img decoding=\"async\" loading=\"lazy\" class=\"img-fluid\" src=\"https:\/\/www.adassocies.ma\/storage\/pages\/September2020\/image23.png\" alt=\"\" width=\"\" height=\"460\" \/><\/p><h3 class=\"h4 color-orange font-weight-bold mb-md-3\">\u00a0<\/h3><h3 class=\"h4 color-orange font-weight-bold mb-md-3\">D\u00e9marche pour la Soci\u00e9t\u00e9 Anonyme (SA)<\/h3><p><img decoding=\"async\" loading=\"lazy\" class=\"img-fluid\" src=\"https:\/\/www.adassocies.ma\/storage\/pages\/January2021\/Secretariat%20juridique2.jpeg\" alt=\"\" width=\"\" height=\"460\" \/><\/p>\t\t\t\t\t\t<\/div>\n\t\t\t\t<\/div>\n\t\t\t\t\t<\/div>\n\t\t<\/div>\n\t\t\t\t\t\t\t<\/div>\n\t\t<\/section>\n\t\t\t\t\t\t\t<\/div>\n\t\t","protected":false},"excerpt":{"rendered":"<p>SECR\u00c9TARIAT JURIDIQUE Vos enjeux Dans un cadre \u00e9volutif des r\u00e9glementations, de la technologie et de l\u2019\u00e9conomique les entreprises pr\u00e9sentent un besoin dans le domaine juridique ind\u00e9niable ; et ce en se dotant d\u2019un secr\u00e9tariat juridique efficace, professionnel et proactif. Notre expertise Secr\u00e9tariat juridique de la vie sociale : Calendrier des obligations l\u00e9gales et r\u00e9glementaires ; &hellip;<\/p>\n<p class=\"read-more\"> <a class=\"\" href=\"https:\/\/wafcom.com\/?page_id=482\"> <span class=\"screen-reader-text\">GESTION &#038; AUDIT<\/span> Lire la suite\u00a0\u00bb<\/a><\/p>\n","protected":false},"author":1,"featured_media":0,"parent":0,"menu_order":0,"comment_status":"closed","ping_status":"closed","template":"elementor_header_footer","meta":{"site-sidebar-layout":"no-sidebar","site-content-layout":"page-builder","ast-global-header-display":"","ast-main-header-display":"","ast-hfb-above-header-display":"","ast-hfb-below-header-display":"","ast-hfb-mobile-header-display":"","site-post-title":"disabled","ast-breadcrumbs-content":"","ast-featured-img":"disabled","footer-sml-layout":"","theme-transparent-header-meta":"","adv-header-id-meta":"","stick-header-meta":"","header-above-stick-meta":"","header-main-stick-meta":"","header-below-stick-meta":""},"_links":{"self":[{"href":"https:\/\/wafcom.com\/index.php?rest_route=\/wp\/v2\/pages\/482"}],"collection":[{"href":"https:\/\/wafcom.com\/index.php?rest_route=\/wp\/v2\/pages"}],"about":[{"href":"https:\/\/wafcom.com\/index.php?rest_route=\/wp\/v2\/types\/page"}],"author":[{"embeddable":true,"href":"https:\/\/wafcom.com\/index.php?rest_route=\/wp\/v2\/users\/1"}],"replies":[{"embeddable":true,"href":"https:\/\/wafcom.com\/index.php?rest_route=%2Fwp%2Fv2%2Fcomments&post=482"}],"version-history":[{"count":40,"href":"https:\/\/wafcom.com\/index.php?rest_route=\/wp\/v2\/pages\/482\/revisions"}],"predecessor-version":[{"id":1345,"href":"https:\/\/wafcom.com\/index.php?rest_route=\/wp\/v2\/pages\/482\/revisions\/1345"}],"wp:attachment":[{"href":"https:\/\/wafcom.com\/index.php?rest_route=%2Fwp%2Fv2%2Fmedia&parent=482"}],"curies":[{"name":"wp","href":"https:\/\/api.w.org\/{rel}","templated":true}]}}